{"id":3707,"date":"2021-05-17T20:07:55","date_gmt":"2021-05-17T20:07:55","guid":{"rendered":"https:\/\/www.theharborclub.com\/14-north-at-the-harbor-club\/"},"modified":"2024-11-04T19:18:02","modified_gmt":"2024-11-04T19:18:02","slug":"14-north-at-the-harbor-club","status":"publish","type":"page","link":"https:\/\/www.theharborclub.com\/fr\/experiences-culinaires\/14-north-at-the-harbor-club\/","title":{"rendered":"14\u00b0 North at The Harbor Club"},"content":{"rendered":"<div class=\"wpb-content-wrapper\"><p>[vc_row full_width=&#8221;stretch_row&#8221; kswr_row_top_decor_enabled=&#8221;false&#8221; kswr_row_bottom_decor_enabled=&#8221;false&#8221; css=&#8221;.vc_custom_1616183411012{margin-top: -35px !important;margin-bottom: 0px !important;border-top-width: 0px !important;border-bottom-width: 0px !important;padding-top: 0px !important;padding-bottom: 0px !important;background-color: #ffffff !important;background-position: center !important;background-repeat: no-repeat !important;background-size: cover !important;}&#8221; el_class=&#8221;homeheader&#8221;][vc_column]\n\t\t\t<!-- START NEW  14 North REVOLUTION SLIDER 6.7.38 --><p class=\"rs-p-wp-fix\"><\/p>\n\t\t\t<rs-module-wrap id=\"rev_slider_27_1_wrapper\" data-source=\"gallery\" style=\"visibility:hidden;background:transparent;padding:0;\">\n\t\t\t\t<rs-module id=\"rev_slider_27_1\" style=\"\" data-version=\"6.7.38\">\n\t\t\t\t\t<rs-slides style=\"overflow: hidden; position: absolute;\">\n\t\t\t\t\t\t<rs-slide style=\"position: absolute;\" data-key=\"rs-46\" data-title=\"Slide\" data-anim=\"adpr:false;p:transparent;\" data-in=\"o:0;\" data-out=\"o:0;\">\n\t\t\t\t\t\t\t<img decoding=\"async\" src=\"\/\/www.theharborclub.com\/wp-content\/plugins\/revslider\/sr6\/assets\/assets\/dummy.png\" alt=\"\" title=\"14-North-Hero\" width=\"1744\" height=\"747\" class=\"rev-slidebg tp-rs-img rs-lazyload\" data-lazyload=\"\/\/www.theharborclub.com\/wp-content\/uploads\/2025\/05\/14-North-Hero.webp\" data-parallax=\"off\" data-no-retina>\n<!---->\t\t\t\t\t<\/rs-slide>\n\t\t\t\t\t\t<rs-slide style=\"position: absolute;\" data-key=\"rs-47\" data-title=\"Slide\" data-anim=\"adpr:false;ms:3000ms;\" data-in=\"o:0;\" data-out=\"a:false;\">\n\t\t\t\t\t\t\t<img decoding=\"async\" src=\"\/\/www.theharborclub.com\/wp-content\/plugins\/revslider\/sr6\/assets\/assets\/dummy.png\" alt=\"\" title=\"14-North-Hero\" width=\"1744\" height=\"747\" class=\"rev-slidebg tp-rs-img rs-lazyload\" data-lazyload=\"\/\/www.theharborclub.com\/wp-content\/uploads\/2025\/05\/14-North-Hero.webp\" data-parallax=\"off\" data-no-retina>\n<!---->\t\t\t\t\t<\/rs-slide>\n\t\t\t\t\t<\/rs-slides>\n\t\t\t\t\t<rs-static-layers><!--\n\n\t\t\t\t\t\t\t--><rs-layer\n\t\t\t\t\t\t\t\tid=\"slider-27-slide-27-layer-1\" \n\t\t\t\t\t\t\t\tclass=\"rs-pxl-7 rs-layer-static\"\n\t\t\t\t\t\t\t\tdata-type=\"image\"\n\t\t\t\t\t\t\t\tdata-rsp_ch=\"on\"\n\t\t\t\t\t\t\t\tdata-xy=\"y:b,b,b,m;yo:250px,250px,250px,0;\"\n\t\t\t\t\t\t\t\tdata-text=\"w:normal;s:20,20,20,6;l:0,0,0,8;\"\n\t\t\t\t\t\t\t\tdata-dim=\"w:876px,876px,876px,400px;h:236px,236px,236px,100px;\"\n\t\t\t\t\t\t\t\tdata-basealign=\"slide\"\n\t\t\t\t\t\t\t\tdata-onslides=\"s:1;\"\n\t\t\t\t\t\t\t\tdata-frame_0=\"x:-867px,-867px,-867px,-319px;\"\n\t\t\t\t\t\t\t\tdata-frame_1=\"sp:4000;\"\n\t\t\t\t\t\t\t\tdata-frame_999=\"o:0;st:w;sR:5000;\"\n\t\t\t\t\t\t\t\tstyle=\"z-index:8;\"\n\t\t\t\t\t\t\t><img decoding=\"async\" src=\"\/\/www.theharborclub.com\/wp-content\/plugins\/revslider\/sr6\/assets\/assets\/dummy.png\" alt=\"\" class=\"tp-rs-img rs-lazyload\" width=\"876\" height=\"236\" data-lazyload=\"\/\/www.theharborclub.com\/wp-content\/uploads\/2022\/12\/THC-header-strip-876x236-at-85-percent.png\" data-no-retina> \n\t\t\t\t\t\t\t<\/rs-layer><!--\n\n\t\t\t\t\t\t\t--><rs-layer\n\t\t\t\t\t\t\t\tid=\"slider-27-slide-27-layer-3\" \n\t\t\t\t\t\t\t\tclass=\"rs-pxl-7 rs-layer-static\"\n\t\t\t\t\t\t\t\tdata-type=\"text\"\n\t\t\t\t\t\t\t\tdata-rsp_ch=\"on\"\n\t\t\t\t\t\t\t\tdata-xy=\"xo:280px,280px,280px,80px;y:b,b,b,m;yo:287px,287px,287px,-29px;\"\n\t\t\t\t\t\t\t\tdata-text=\"w:nowrap;s:71,71,71,40;l:80,80,80,44;fw:200;\"\n\t\t\t\t\t\t\t\tdata-basealign=\"slide\"\n\t\t\t\t\t\t\t\tdata-onslides=\"s:1;\"\n\t\t\t\t\t\t\t\tdata-frame_0=\"rX:70deg;oZ:-50;\"\n\t\t\t\t\t\t\t\tdata-frame_0_chars=\"d:5;y:cyc(-100||100);o:0;\"\n\t\t\t\t\t\t\t\tdata-frame_1=\"oZ:-50;e:power4.inOut;st:1860;sp:1750;sR:1860;\"\n\t\t\t\t\t\t\t\tdata-frame_1_chars=\"e:power4.inOut;dir:middletoedge;d:10;\"\n\t\t\t\t\t\t\t\tdata-frame_999=\"o:0;st:w;sR:3190;\"\n\t\t\t\t\t\t\t\tstyle=\"z-index:9;font-family:'Montserrat';\"\n\t\t\t\t\t\t\t>14\u00b0<br \/>\nNORTH \n\t\t\t\t\t\t\t<\/rs-layer><!--\n\t\t\t\t\t--><\/rs-static-layers>\n\t\t\t\t<\/rs-module>\n\t\t\t\t<script>\n\t\t\t\t\tsetREVStartSize({c: 'rev_slider_27_1',rl:[1240,1240,1240,480],el:[850,850,850,480],gw:[1300,1300,1300,480],gh:[850,850,850,480],type:'standard',justify:'',layout:'fullscreen',offsetContainer:'',offset:'200px',mh:\"0\"});if (window.RS_MODULES!==undefined && window.RS_MODULES.modules!==undefined && window.RS_MODULES.modules[\"revslider271\"]!==undefined) {window.RS_MODULES.modules[\"revslider271\"].once = false;window.revapi27 = undefined;if (window.RS_MODULES.checkMinimal!==undefined) window.RS_MODULES.checkMinimal()}\n\t\t\t\t<\/script>\n\t\t\t<\/rs-module-wrap>\n\t\t\t<!-- END REVOLUTION SLIDER -->\n[\/vc_column][\/vc_row][vc_row full_width=&#8221;stretch_row&#8221; css=&#8221;.vc_custom_1621347566914{background-color: #fafbfd !important;}&#8221; kswr_row_top_decor_enabled=&#8221;false&#8221; kswr_row_bottom_decor_enabled=&#8221;false&#8221;][vc_column][vc_column_text]\n<!-- #fdbook -->\n<div class=\"fdbook\"><div class=\"fdclose\"><a href=\"javascript:void(0);\" class=\"bookclosed\">x<\/a><\/div><h3 class=\"fdttl\">Book Now<\/h3><form id=\"BookForm\" method=\"GET\" action=\"https:\/\/secure3.hilton.com\/en_US\/hi\/reservation\/book.htm\" target=\"_blank\">\n\t<div class=\"fddates fdin\"><label>ARRIVAL<\/label><input name=\"arrivalDate\" type=\"text\" class=\"datepicker\" id=\"arrivalDate\" placeholder=\"YY-MM-DD\" value=\"\"><\/div>\n<div class=\"fddates fdout\"><label>DEPARTURE<\/label><input name=\"departureDate\" type=\"text\" class=\"datepicker\" id=\"departureDate\" placeholder=\"YY-MM-DD\" value=\"\"><\/div>\n<div class=\"fdadults\">\n<div class=\"btext\">Adults<\/div><div class=\"number-input\"><div class=\"fakebtn\" onclick=\"this.parentNode.querySelector('input[type=number]').stepDown()\"><\/div><input type=\"number\" class=\"quantity\" name=\"room1NumAdults\" value=\"2\" min=\"0\" required=\"\"><div onclick=\"this.parentNode.querySelector('input[type=number]').stepUp()\" class=\"fakebtn plus\"><\/div><\/div>\n<\/div>\n<div class=\"gdcheck\"><input type=\"checkbox\" name=\"datesFlex\" id=\"flexDates\"><span class=\"gdchecktxt\">Flexible?<\/span><\/div>\n<input name=\"ctyhocn\" type=\"hidden\" id=\"ctyhocn\" value=\"SLUHCQQ\">\n<input name=\"inputModule\" type=\"hidden\" id=\"inputModule\" value=\"HOTEL_SEARCH\">\n<div class=\"fdsearch\"><input name=\"Search\" type=\"submit\" id=\"Search\" title=\"Search\" value=\"RESULTS\"><\/div>\n<\/form><\/div>\n<div id=\"fdModal\" class=\"fdmodal\" style=\"display: none !important;\"><button style=\"display: none !important;\" id=\"fdBtn\">RESULTS<\/button><\/div>\n\n<!-- \/#fdbook -->\n[\/vc_column_text][\/vc_column][\/vc_row][vc_row full_width=&#8221;stretch_row_content_no_spaces&#8221; equal_height=&#8221;yes&#8221; content_placement=&#8221;middle&#8221; css=&#8221;.vc_custom_1616511362679{margin-top: 0px !important;margin-right: 0px !important;margin-left: 0px !important;border-top-width: 0px !important;padding-top: 0px !important;}&#8221; kswr_row_top_decor_enabled=&#8221;false&#8221; kswr_row_bottom_decor_enabled=&#8221;false&#8221;][vc_column width=&#8221;1\/2&#8243; css=&#8221;.vc_custom_1619116398401{padding-right: 12% !important;padding-left: 12% !important;}&#8221;][vc_column_text css_animation=&#8221;none&#8221; css=&#8221;.vc_custom_1712345421042{margin-bottom: 30px !important;}&#8221; el_class=&#8221;lazyloadme&#8221;]<img loading=\"lazy\" decoding=\"async\" class=\"alignnone size-full\" src=\"https:\/\/www.theharborclub.com\/wp-content\/uploads\/2024\/04\/14nlogo.png\" alt=\"\" width=\"247\" height=\"119\" \/>[\/vc_column_text]<div id=\"ultimate-heading-39869ecd3149f1c0\" class=\"uvc-heading ult-adjust-bottom-margin ultimate-heading-39869ecd3149f1c0 uvc-638 lazyloadme uvc-heading-default-font-sizes\" data-hspacer=\"no_spacer\"  data-halign=\"left\" style=\"text-align:left\"><div class=\"uvc-heading-spacer no_spacer\" style=\"top\"><\/div><div class=\"uvc-main-heading ult-responsive\"  data-ultimate-target='.uvc-heading.ultimate-heading-39869ecd3149f1c0 h1'  data-responsive-json-new='{\"font-size\":\"\",\"line-height\":\"\"}' ><h1 style=\"--font-weight:theme;margin-bottom:20px;\">CUISINE INTERNATIONALE<\/h1><\/div><\/div>[vc_column_text css_animation=&#8221;none&#8221; css=&#8221;.vc_custom_1712331172391{margin-bottom: 30px !important;}&#8221;]Au Harbor Club, nous maintenons un engagement in\u00e9branlable en faveur de l\u2019excellence culinaire, en combinant des saveurs internationales pour c\u00e9l\u00e9brer une cuisine diversifi\u00e9e. Notre programme culinaire sophistiqu\u00e9 propose une vari\u00e9t\u00e9 de plats visant \u00e0 satisfaire tous les palais gr\u00e2ce \u00e0 l\u2019authenticit\u00e9, aux ingr\u00e9dients de qualit\u00e9 et \u00e0 l\u2019\u00e9l\u00e9gance moderne. Nous nous attachons \u00e0 offrir un service personnalis\u00e9, \u00e0 satisfaire et \u00e0 d\u00e9passer les pr\u00e9f\u00e9rences de nos clients, en mettant l\u2019accent sur la cr\u00e9ation d\u2019exp\u00e9riences gastronomiques m\u00e9morables. Notre philosophie consiste \u00e0 utiliser des ingr\u00e9dients d\u2019origine locale dans des recettes internationales appr\u00e9ci\u00e9es, afin de cr\u00e9er des plats d\u00e9licieux et accessibles.[\/vc_column_text][\/vc_column][vc_column parallax=&#8221;content-moving&#8221; parallax_image=&#8221;2928&#8243; parallax_speed_bg=&#8221;1.2&#8243; css_animation=&#8221;none&#8221; width=&#8221;1\/2&#8243; css=&#8221;.vc_custom_1712345389300{padding-top: 300px !important;padding-bottom: 300px !important;}&#8221; el_class=&#8221;mobileimg parame grayscale&#8221;][\/vc_column][\/vc_row][vc_row full_width=&#8221;stretch_row&#8221; content_placement=&#8221;middle&#8221; bg_type=&#8221;bg_color&#8221; kswr_row_top_decor_enabled=&#8221;false&#8221; kswr_row_bottom_decor_enabled=&#8221;false&#8221; el_class=&#8221;clearpadd&#8221; bg_color_value=&#8221;#a8badc&#8221; css=&#8221;.vc_custom_1620932138277{margin-bottom: 40px !important;}&#8221;][vc_column css_animation=&#8221;none&#8221; width=&#8221;1\/3&#8243;][vc_column_text css_animation=&#8221;none&#8221; css=&#8221;.vc_custom_1620933167048{border-right-width: 1px !important;padding-top: 20px !important;padding-right: 90px !important;padding-bottom: 20px !important;padding-left: 50px !important;border-right-color: #ffffff !important;border-right-style: solid !important;}&#8221; el_class=&#8221;whiteme lazyloadme&#8221;]<\/p>\n<h3 style=\"text-align: right;\">VOIR LES MENUS<\/h3>\n<p>[\/vc_column_text][\/vc_column][vc_column width=&#8221;2\/3&#8243;]<style type=\"text\/css\" data-type=\"the7_shortcodes-inline-css\">#default-btn-aa3a97e05b7846b129bdcb28b49c2168.ico-right-side > i {\n  margin-right: 0px;\n  margin-left: 8px;\n}\n#default-btn-aa3a97e05b7846b129bdcb28b49c2168 > i {\n  margin-right: 8px;\n}<\/style><a href=\"https:\/\/www.theharborclub.com\/wp-content\/uploads\/2024\/05\/14th_North_Main_Menu.pdf\" class=\"default-btn-shortcode dt-btn dt-btn-m link-hover-off invertbtn lazyloadme btn-inline-left  vc_custom_1715368808774\" target=\"_blank\" id=\"default-btn-aa3a97e05b7846b129bdcb28b49c2168\" title=\"Menu\" rel=\"noopener\"><span>MENU<\/span><\/a><style type=\"text\/css\" data-type=\"the7_shortcodes-inline-css\">#default-btn-d0076fddd673b4482f16259c9ccbad8b.ico-right-side > i {\n  margin-right: 0px;\n  margin-left: 8px;\n}\n#default-btn-d0076fddd673b4482f16259c9ccbad8b > i {\n  margin-right: 8px;\n}<\/style><a href=\"https:\/\/www.theharborclub.com\/wp-content\/uploads\/2024\/05\/14th_North_Steak_Menu.pdf\" class=\"default-btn-shortcode dt-btn dt-btn-m link-hover-off invertbtn lazyloadme btn-inline-left  vc_custom_1730744132427\" target=\"_blank\" id=\"default-btn-d0076fddd673b4482f16259c9ccbad8b\" title=\"Menu\" rel=\"noopener\"><span>MENU STEAK<\/span><\/a><style type=\"text\/css\" data-type=\"the7_shortcodes-inline-css\">#default-btn-775ae7035713a1c2620ec57f8f0aefa3.ico-right-side > i {\n  margin-right: 0px;\n  margin-left: 8px;\n}\n#default-btn-775ae7035713a1c2620ec57f8f0aefa3 > i {\n  margin-right: 8px;\n}<\/style><a href=\"https:\/\/www.theharborclub.com\/wp-content\/uploads\/2024\/02\/THC_Cocktail_Menu-2024_Web.pdf\" class=\"default-btn-shortcode dt-btn dt-btn-m link-hover-off invertbtn lazyloadme btn-inline-left  vc_custom_1730744120616\" target=\"_blank\" id=\"default-btn-775ae7035713a1c2620ec57f8f0aefa3\" title=\"Menu\" rel=\"noopener\"><span>MENU DES COCKTAILS<\/span><\/a>[\/vc_column][\/vc_row][vc_row full_width=&#8221;stretch_row_content&#8221; content_placement=&#8221;top&#8221; kswr_row_bg_type=&#8221;&#8221; kswr_row_bg_color=&#8221;&#8221; kswr_back_anim_width=&#8221;&#8221; kswr_row_parallax_type=&#8221;&#8221; kswr_row_parallax_speed=&#8221;&#8221; kswr_row_parallax_autospeed=&#8221;&#8221; kswr_row_parallax_hor_moveto=&#8221;&#8221; kswr_row_parallax_ver_moveto=&#8221;&#8221; kswr_row_sep_enabled=&#8221;&#8221; kswr_row_sep_height=&#8221;&#8221; kswr_row_sep_width=&#8221;&#8221; kswr_row_sep_color=&#8221;&#8221; kswr_row_sep_position=&#8221;&#8221; kswr_row_sep_bottom_align=&#8221;&#8221; kswr_row_sep_top_align=&#8221;&#8221; kswr_presponsive=&#8221;&#8221; kswr_bresponsive=&#8221;&#8221; kswr_mresponsive=&#8221;&#8221; kswr_row_top_decor_type=&#8221;&#8221; kswr_row_top_decor_color=&#8221;&#8221; kswr_row_top_decor_size=&#8221;&#8221; kswr_row_bottom_decor_type=&#8221;&#8221; kswr_row_bottom_decor_color=&#8221;&#8221; kswr_row_bottom_decor_size=&#8221;&#8221; kswr_row_bg_image_img=&#8221;&#8221; kswr_row_bg_image=&#8221;&#8221; kswr_back_anim_enabled=&#8221;&#8221; kswr_bx_shadow_settings=&#8221;&#8221; kswr_row_top_decor_message=&#8221;&#8221; kswr_row_top_decor_enabled=&#8221;&#8221; kswr_row_bottom_decor_message=&#8221;&#8221; kswr_row_bottom_decor_enabled=&#8221;&#8221;][vc_column width=&#8221;1\/2&#8243; css=&#8221;.vc_custom_1619449386213{margin-top: 0px !important;margin-bottom: 0px !important;border-top-width: 0px !important;border-bottom-width: 0px !important;padding-top: 0px !important;padding-bottom: 0px !important;}&#8221;][vc_row_inner][vc_column_inner][vc_column_text css=&#8221;.vc_custom_1712345294680{margin-top: 0px !important;margin-bottom: 0px !important;border-top-width: 0px !important;border-bottom-width: 0px !important;padding-top: 0px !important;padding-bottom: 0px !important;}&#8221; el_class=&#8221;lazyloadme&#8221;]<\/p>\n<p><img decoding=\"async\" class=\"grayscale alignnone size-full\" src=\"\/wp-content\/uploads\/2024\/04\/14Nbtm1.jpg\" alt=\"\" width=\"100%\" \/><\/p>\n<p>[\/vc_column_text][\/vc_column_inner][\/vc_row_inner][\/vc_column][vc_column width=&#8221;1\/2&#8243; css=&#8221;.vc_custom_1619449391814{margin-top: 0px !important;margin-bottom: 0px !important;border-top-width: 0px !important;border-bottom-width: 0px !important;padding-top: 0px !important;padding-bottom: 0px !important;}&#8221;][vc_row_inner][vc_column_inner css=&#8221;.vc_custom_1619449063129{margin-top: 0px !important;margin-bottom: 0px !important;border-top-width: 0px !important;border-bottom-width: 0px !important;padding-top: 0px !important;padding-bottom: 0px !important;}&#8221;][vc_column_text css=&#8221;.vc_custom_1712345312008{margin-top: 0px !important;margin-bottom: 0px !important;border-top-width: 0px !important;border-bottom-width: 0px !important;padding-top: 0px !important;padding-bottom: 0px !important;}&#8221; el_class=&#8221;lazyloadme&#8221;]<img decoding=\"async\" class=\"grayscale alignnone wp-image-2187 size-full\" src=\"https:\/\/www.theharborclub.com\/wp-content\/uploads\/2024\/04\/14Nbtm2.jpg\" alt=\"\" width=\"100%\" \/>[\/vc_column_text][\/vc_column_inner][\/vc_row_inner][vc_row_inner][vc_column_inner width=&#8221;1\/2&#8243; css=&#8221;.vc_custom_1619449279104{margin-top: 0px !important;margin-bottom: 0px !important;border-top-width: 0px !important;border-bottom-width: 0px !important;padding-top: 0px !important;padding-bottom: 0px !important;}&#8221;][vc_column_text css=&#8221;.vc_custom_1712345323764{margin-top: 18px !important;margin-bottom: 0px !important;border-top-width: 0px !important;border-bottom-width: 0px !important;padding-top: 0px !important;padding-bottom: 0px !important;}&#8221; el_class=&#8221;lazyloadme&#8221;]<img decoding=\"async\" class=\"grayscale alignnone wp-image-2188 size-full\" src=\"\/wp-content\/uploads\/2024\/04\/14Nbtm3.jpg\" alt=\"\" width=\"100%\" \/>[\/vc_column_text][\/vc_column_inner][vc_column_inner width=&#8221;1\/2&#8243; css=&#8221;.vc_custom_1619449321753{margin-top: 0px !important;margin-bottom: 0px !important;border-top-width: 0px !important;border-bottom-width: 0px !important;padding-top: 0px !important;padding-bottom: 0px !important;}&#8221;][vc_column_text css=&#8221;.vc_custom_1712345333978{margin-top: 18px !important;margin-bottom: 0px !important;border-top-width: 0px !important;border-bottom-width: 0px !important;padding-top: 0px !important;padding-bottom: 0px !important;}&#8221; el_class=&#8221;lazyloadme&#8221;]<img decoding=\"async\" class=\"grayscale alignnone wp-image-2189 size-full\" src=\"\/wp-content\/uploads\/2024\/04\/14Nbtm4.jpg\" alt=\"\" width=\"100%\" \/>[\/vc_column_text][\/vc_column_inner][\/vc_row_inner][\/vc_column][\/vc_row][vc_row css=&#8221;.vc_custom_1620932398650{margin-top: 40px !important;}&#8221;][vc_column el_class=&#8221;lazyloadme&#8221;]<div class=\"templatera_shortcode\"><div data-vc-full-width=\"true\" data-vc-full-width-temp=\"true\" data-vc-full-width-init=\"false\" data-vc-stretch-content=\"true\" class=\"vc_row wpb_row vc_row-fluid gmap vc_row-no-padding\"><div class=\"wpb_column vc_column_container vc_col-sm-12 vc_col-has-fill\"><div class=\"vc_column-inner vc_custom_1617997015702\"><div class=\"wpb_wrapper\">\n\t<div class=\"wpb_raw_code wpb_raw_html wpb_content_element\" >\n\t\t<div class=\"wpb_wrapper\">\n\t\t\t<iframe src=\"https:\/\/www.google.com\/maps\/embed?pb=!1m14!1m8!1m3!1d648.5441845690736!2d-60.94768651502649!3d14.072999162606104!3m2!1i1024!2i768!4f13.1!3m3!1m2!1s0x0%3A0x6c8518bd32ef4ee!2sHarbor%20Club%20St.%20Lucia%2C%20Curio%20Collection%20by%20Hilton!5e0!3m2!1sen!2sus!4v1656098901191!5m2!1sen!2sus\" width=\"100%\" height=\"300\" style=\"border:0;\" allowfullscreen=\"\" loading=\"lazy\"><\/iframe>  \n\n\n\t\t<\/div>\n\t<\/div>\n<\/div><\/div><\/div><\/div><div class=\"vc_row-full-width vc_clearfix\"><\/div><\/div>[\/vc_column][\/vc_row]<\/p>\n<\/div>","protected":false},"excerpt":{"rendered":"<p>xBook Now ARRIVAL DEPARTURE Adults Flexible? RESULTS CUISINE INTERNATIONALE Au Harbor Club, nous maintenons un engagement in\u00e9branlable en faveur de l\u2019excellence culinaire, en combinant des saveurs internationales pour c\u00e9l\u00e9brer une cuisine diversifi\u00e9e. Notre programme culinaire sophistiqu\u00e9 propose une vari\u00e9t\u00e9 de plats visant \u00e0 satisfaire tous les palais gr\u00e2ce \u00e0 l\u2019authenticit\u00e9, aux ingr\u00e9dients de qualit\u00e9 et&hellip;<\/p>\n","protected":false},"author":2,"featured_media":3409,"parent":3717,"menu_order":0,"comment_status":"closed","ping_status":"closed","template":"","meta":{"footnotes":""},"class_list":["post-3707","page","type-page","status-publish","has-post-thumbnail","hentry","description-off"],"yoast_head":"<!-- This site is optimized with the Yoast SEO plugin v27.3 - https:\/\/yoast.com\/product\/yoast-seo-wordpress\/ -->\n<title>14\u00b0 North at The Harbor Club | The Harbor Club<\/title>\n<meta name=\"description\" content=\"14\u00b0 North is the Harbor Club\u2019s newest and hottest restaurant offering Asian-Caribbean Fusion cuisine.\" \/>\n<meta name=\"robots\" content=\"index, follow, max-snippet:-1, max-image-preview:large, max-video-preview:-1\" \/>\n<link rel=\"canonical\" href=\"https:\/\/www.theharborclub.com\/fr\/experiences-culinaires\/14-north-at-the-harbor-club\/\" \/>\n<meta property=\"og:locale\" content=\"fr_FR\" \/>\n<meta property=\"og:type\" content=\"article\" \/>\n<meta property=\"og:title\" content=\"14\u00b0 North at The Harbor Club | The Harbor Club\" \/>\n<meta property=\"og:description\" content=\"14\u00b0 North is the Harbor Club\u2019s newest and hottest restaurant offering Asian-Caribbean Fusion cuisine.\" \/>\n<meta property=\"og:url\" content=\"https:\/\/www.theharborclub.com\/fr\/experiences-culinaires\/14-north-at-the-harbor-club\/\" \/>\n<meta property=\"og:site_name\" content=\"The Harbor Club\" \/>\n<meta property=\"article:publisher\" content=\"https:\/\/www.facebook.com\/TheHarborClubSaintLucia\" \/>\n<meta property=\"article:modified_time\" content=\"2024-11-04T19:18:02+00:00\" \/>\n<meta property=\"og:image\" content=\"https:\/\/www.theharborclub.com\/wp-content\/uploads\/2021\/06\/1-home-dining-color2.jpg\" \/>\n\t<meta property=\"og:image:width\" content=\"1920\" \/>\n\t<meta property=\"og:image:height\" content=\"1168\" \/>\n\t<meta property=\"og:image:type\" content=\"image\/jpeg\" \/>\n<meta name=\"twitter:card\" content=\"summary_large_image\" \/>\n<meta name=\"twitter:site\" content=\"@HarborClubSlu\" \/>\n<meta name=\"twitter:label1\" content=\"Est. reading time\" \/>\n\t<meta name=\"twitter:data1\" content=\"4 minutes\" \/>\n<!-- \/ Yoast SEO plugin. -->","yoast_head_json":{"title":"14\u00b0 North at The Harbor Club | The Harbor Club","description":"14\u00b0 North is the Harbor Club\u2019s newest and hottest restaurant offering Asian-Caribbean Fusion cuisine.","robots":{"index":"index","follow":"follow","max-snippet":"max-snippet:-1","max-image-preview":"max-image-preview:large","max-video-preview":"max-video-preview:-1"},"canonical":"https:\/\/www.theharborclub.com\/fr\/experiences-culinaires\/14-north-at-the-harbor-club\/","og_locale":"fr_FR","og_type":"article","og_title":"14\u00b0 North at The Harbor Club | The Harbor Club","og_description":"14\u00b0 North is the Harbor Club\u2019s newest and hottest restaurant offering Asian-Caribbean Fusion cuisine.","og_url":"https:\/\/www.theharborclub.com\/fr\/experiences-culinaires\/14-north-at-the-harbor-club\/","og_site_name":"The Harbor Club","article_publisher":"https:\/\/www.facebook.com\/TheHarborClubSaintLucia","article_modified_time":"2024-11-04T19:18:02+00:00","og_image":[{"width":1920,"height":1168,"url":"https:\/\/www.theharborclub.com\/wp-content\/uploads\/2021\/06\/1-home-dining-color2.jpg","type":"image\/jpeg"}],"twitter_card":"summary_large_image","twitter_site":"@HarborClubSlu","twitter_misc":{"Est. reading time":"4 minutes"},"schema":{"@context":"https:\/\/schema.org","@graph":[{"@type":"WebPage","@id":"https:\/\/www.theharborclub.com\/fr\/experiences-culinaires\/14-north-at-the-harbor-club\/","url":"https:\/\/www.theharborclub.com\/fr\/experiences-culinaires\/14-north-at-the-harbor-club\/","name":"14\u00b0 North at The Harbor Club | The Harbor Club","isPartOf":{"@id":"https:\/\/www.theharborclub.com\/fr\/#website"},"primaryImageOfPage":{"@id":"https:\/\/www.theharborclub.com\/fr\/experiences-culinaires\/14-north-at-the-harbor-club\/#primaryimage"},"image":{"@id":"https:\/\/www.theharborclub.com\/fr\/experiences-culinaires\/14-north-at-the-harbor-club\/#primaryimage"},"thumbnailUrl":"https:\/\/www.theharborclub.com\/wp-content\/uploads\/2021\/06\/1-home-dining-color2.jpg","datePublished":"2021-05-17T20:07:55+00:00","dateModified":"2024-11-04T19:18:02+00:00","description":"14\u00b0 North is the Harbor Club\u2019s newest and hottest restaurant offering Asian-Caribbean Fusion cuisine.","breadcrumb":{"@id":"https:\/\/www.theharborclub.com\/fr\/experiences-culinaires\/14-north-at-the-harbor-club\/#breadcrumb"},"inLanguage":"fr-FR","potentialAction":[{"@type":"ReadAction","target":["https:\/\/www.theharborclub.com\/fr\/experiences-culinaires\/14-north-at-the-harbor-club\/"]}]},{"@type":"ImageObject","inLanguage":"fr-FR","@id":"https:\/\/www.theharborclub.com\/fr\/experiences-culinaires\/14-north-at-the-harbor-club\/#primaryimage","url":"https:\/\/www.theharborclub.com\/wp-content\/uploads\/2021\/06\/1-home-dining-color2.jpg","contentUrl":"https:\/\/www.theharborclub.com\/wp-content\/uploads\/2021\/06\/1-home-dining-color2.jpg","width":1920,"height":1168},{"@type":"BreadcrumbList","@id":"https:\/\/www.theharborclub.com\/fr\/experiences-culinaires\/14-north-at-the-harbor-club\/#breadcrumb","itemListElement":[{"@type":"ListItem","position":1,"name":"Home","item":"https:\/\/www.theharborclub.com\/fr\/"},{"@type":"ListItem","position":2,"name":"EXP\u00c9RIENCES CULINAIRES","item":"https:\/\/www.theharborclub.com\/fr\/experiences-culinaires\/"},{"@type":"ListItem","position":3,"name":"14\u00b0 North at The Harbor Club"}]},{"@type":"WebSite","@id":"https:\/\/www.theharborclub.com\/fr\/#website","url":"https:\/\/www.theharborclub.com\/fr\/","name":"The Harbor Club","description":"Naturally Sophisticated ","publisher":{"@id":"https:\/\/www.theharborclub.com\/fr\/#organization"},"potentialAction":[{"@type":"SearchAction","target":{"@type":"EntryPoint","urlTemplate":"https:\/\/www.theharborclub.com\/fr\/?s={search_term_string}"},"query-input":{"@type":"PropertyValueSpecification","valueRequired":true,"valueName":"search_term_string"}}],"inLanguage":"fr-FR"},{"@type":"Organization","@id":"https:\/\/www.theharborclub.com\/fr\/#organization","name":"The Harbor Club","url":"https:\/\/www.theharborclub.com\/fr\/","logo":{"@type":"ImageObject","inLanguage":"fr-FR","@id":"https:\/\/www.theharborclub.com\/fr\/#\/schema\/logo\/image\/","url":"https:\/\/www.theharborclub.com\/wp-content\/uploads\/2021\/01\/thc-logo-retna.png","contentUrl":"https:\/\/www.theharborclub.com\/wp-content\/uploads\/2021\/01\/thc-logo-retna.png","width":222,"height":213,"caption":"The Harbor Club"},"image":{"@id":"https:\/\/www.theharborclub.com\/fr\/#\/schema\/logo\/image\/"},"sameAs":["https:\/\/www.facebook.com\/TheHarborClubSaintLucia","https:\/\/x.com\/HarborClubSlu","https:\/\/twitter.com\/HarborClubSlu"]}]}},"_links":{"self":[{"href":"https:\/\/www.theharborclub.com\/fr\/wp-json\/wp\/v2\/pages\/3707","targetHints":{"allow":["GET"]}}],"collection":[{"href":"https:\/\/www.theharborclub.com\/fr\/wp-json\/wp\/v2\/pages"}],"about":[{"href":"https:\/\/www.theharborclub.com\/fr\/wp-json\/wp\/v2\/types\/page"}],"author":[{"embeddable":true,"href":"https:\/\/www.theharborclub.com\/fr\/wp-json\/wp\/v2\/users\/2"}],"replies":[{"embeddable":true,"href":"https:\/\/www.theharborclub.com\/fr\/wp-json\/wp\/v2\/comments?post=3707"}],"version-history":[{"count":0,"href":"https:\/\/www.theharborclub.com\/fr\/wp-json\/wp\/v2\/pages\/3707\/revisions"}],"up":[{"embeddable":true,"href":"https:\/\/www.theharborclub.com\/fr\/wp-json\/wp\/v2\/pages\/3717"}],"wp:featuredmedia":[{"embeddable":true,"href":"https:\/\/www.theharborclub.com\/fr\/wp-json\/wp\/v2\/media\/3409"}],"wp:attachment":[{"href":"https:\/\/www.theharborclub.com\/fr\/wp-json\/wp\/v2\/media?parent=3707"}],"curies":[{"name":"wp","href":"https:\/\/api.w.org\/{rel}","templated":true}]}}